{"id":185,"date":"2016-02-25T07:11:20","date_gmt":"2016-02-25T07:11:20","guid":{"rendered":"http:\/\/globalcommercium.ro\/?page_id=185"},"modified":"2016-04-01T14:26:35","modified_gmt":"2016-04-01T14:26:35","slug":"alte-surse","status":"publish","type":"page","link":"https:\/\/globalcommercium.ro\/?page_id=185","title":{"rendered":"Alte surse"},"content":{"rendered":"<p style=\"text-align: justify;\">Exper\u0163ii consultan\u0163i din cadrul Global Commercium Development, pot identifica cea mai bun\u0103 surs\u0103 de finan\u0163are pentru clien\u0163ii no\u015ftri, \u00een func\u0163ie de necesitatea \u015fi oportunitatea realiz\u0103rii investi\u0163iei avute \u00een vedere.<br \/>\nAstfel, pe l\u00e2ng\u0103 PNDR, POR, POC, POCU \u015fi \u00een func\u0163ie de tipul de solicitant (entit\u0103\u0163i publice, IMM-uri, unit\u0103\u0163i de cult, ONG-uri etc), echipa noastr\u0103 ofer\u0103 consultan\u0163\u0103 \u015fi \u00een accesarea altor surse de finan\u0163are, de exemplu:<\/p>\n<ul style=\"list-style-type: square;\">\n<li>PROGRAMUL OPERATIONAL INFRASTRUCTUR\u0102 MARE 2014- 2020<\/li>\n<li>PROGRAMUL OPERATIONAL PENTRU PESCUIT \u015eI AFACERI MARITIME<\/li>\n<li>PROGRAMUL PENTRU DREPTURI, EGALITATE SI CETATENIE 2014- 2020<\/li>\n<li>ORIZONT 2020<\/li>\n<li>EUROPA CREATIV\u0102 2014-2020<\/li>\n<li>PROGRAMUL ERASMUS+<\/li>\n<li>Programul de competitivitate pentru intreprinderi si IMM-uri \u2013 COSME<\/li>\n<li>Programul Transna\u021bional Dun\u0103rea<\/li>\n<li>Scheme de minimis \u015fi ajutoare de stat<\/li>\n<li>Fonduri SEE si NORVEGIENE<\/li>\n<\/ul>\n<p>\u015e.a.m.d<\/p>\n","protected":false},"excerpt":{"rendered":"<p>Exper\u0163ii consultan\u0163i din cadrul Global Commercium Development, pot identifica cea mai bun\u0103 surs\u0103 de finan\u0163are pentru clien\u0163ii no\u015ftri, \u00een func\u0163ie de necesitatea \u015fi oportunitatea realiz\u0103rii investi\u0163iei avute \u00een vedere. Astfel, [&hellip;]<\/p>\n","protected":false},"author":1,"featured_media":0,"parent":0,"menu_order":0,"comment_status":"closed","ping_status":"closed","template":"","meta":[],"_links":{"self":[{"href":"https:\/\/globalcommercium.ro\/index.php?rest_route=\/wp\/v2\/pages\/185"}],"collection":[{"href":"https:\/\/globalcommercium.ro\/index.php?rest_route=\/wp\/v2\/pages"}],"about":[{"href":"https:\/\/globalcommercium.ro\/index.php?rest_route=\/wp\/v2\/types\/page"}],"author":[{"embeddable":true,"href":"https:\/\/globalcommercium.ro\/index.php?rest_route=\/wp\/v2\/users\/1"}],"replies":[{"embeddable":true,"href":"https:\/\/globalcommercium.ro\/index.php?rest_route=%2Fwp%2Fv2%2Fcomments&post=185"}],"version-history":[{"count":7,"href":"https:\/\/globalcommercium.ro\/index.php?rest_route=\/wp\/v2\/pages\/185\/revisions"}],"predecessor-version":[{"id":765,"href":"https:\/\/globalcommercium.ro\/index.php?rest_route=\/wp\/v2\/pages\/185\/revisions\/765"}],"wp:attachment":[{"href":"https:\/\/globalcommercium.ro\/index.php?rest_route=%2Fwp%2Fv2%2Fmedia&parent=185"}],"curies":[{"name":"wp","href":"https:\/\/api.w.org\/{rel}","templated":true}]}}