{"id":168,"date":"2016-02-25T06:58:50","date_gmt":"2016-02-25T06:58:50","guid":{"rendered":"http:\/\/globalcommercium.ro\/?page_id=168"},"modified":"2016-03-25T15:19:58","modified_gmt":"2016-03-25T15:19:58","slug":"pocu","status":"publish","type":"page","link":"https:\/\/globalcommercium.ro\/?page_id=168","title":{"rendered":"POCU"},"content":{"rendered":"<p style=\"text-align: justify;\"><img loading=\"lazy\" class=\"size-full wp-image-215 alignleft\" src=\"http:\/\/globalcommercium.ro\/wp-content\/uploads\/2016\/02\/POCU.jpg\" alt=\"POCU\" width=\"920\" height=\"134\" srcset=\"https:\/\/globalcommercium.ro\/wp-content\/uploads\/2016\/02\/POCU.jpg 920w, https:\/\/globalcommercium.ro\/wp-content\/uploads\/2016\/02\/POCU-300x44.jpg 300w, https:\/\/globalcommercium.ro\/wp-content\/uploads\/2016\/02\/POCU-768x112.jpg 768w\" sizes=\"(max-width: 920px) 100vw, 920px\" \/><\/p>\n<p><strong>Programul Opera\u0163ional Capital Uman 2014-2020 (POCU)<\/strong>\u00a0are ca \u015fi principal instrument de finan\u0163are Fondul Social European (FSE).<\/p>\n<p>Obiectivele \u015fi priorit\u0103\u0163ile POCU 2014-2020:<\/p>\n<ol>\n<li><em>Promovarea unor locuri de munc\u0103 durabile \u0219i de calitate \u0219i sprijinirea mobilit\u0103\u021bii lucr\u0103torilor;<\/em><\/li>\n<li><em>Promovarea incluziunii sociale, combaterea s\u0103r\u0103ciei \u015fi a oric\u0103rei forme de discriminare;<\/em><\/li>\n<li><em>Efectuarea de investi\u021bii \u00een domeniul educa\u021biei, al form\u0103rii \u0219i al form\u0103rii profesionale \u00een vederea dob\u00e2ndirii de competen\u021be \u0219i a \u00eenv\u0103\u021b\u0103rii pe tot parcursul vie\u021bii;<\/em><\/li>\n<\/ol>\n<p style=\"text-align: justify;\">SC Global Commercium Development SRL acceseaza fondurile alocate POCU, atat ca Beneficiar\/Partener in cadrul proiectelor dar si prin oferirea de servicii de consultanta specifice, dupa cum urmeaza:<\/p>\n<ol>\n<li><strong>Scriere de proiecte<\/strong><\/li>\n<\/ol>\n<ul>\n<li>Identificarea oportunit\u0103\u021bilor de finan\u0163are pentru nevoile Solicitantului<\/li>\n<li>Analiza eligibilit\u0103\u021bii solicitantului si sprijin in definirea parteneriatului<\/li>\n<li>Sprijin in definirea si conturarea ideii de proiect<\/li>\n<li>Asistenta in selectia partenerilor<\/li>\n<li>Analiza eligibilitatii activitatilor<\/li>\n<li>Accesarea aplicatiei MySmis si autentificarea<\/li>\n<li>Scrierea cererii de finantare si incarcarea documentelor in modulele<\/li>\n<li>Analiza financiara si analiza cost-beneficiu<\/li>\n<li>Realizarea bugetului<\/li>\n<li>Asistenta pentru raspunsurile la solicitarile de clarificari\/ intocmire contestatii<\/li>\n<li>Asistenta pentru finalizarea procesului de contractare.<\/li>\n<\/ul>\n<ol start=\"2\">\n<li><strong>Management de proiect<\/strong><\/li>\n<\/ol>\n<ul>\n<li>Asigura managementul integrator al proiectului<\/li>\n<li>Asistenta pentru realizarea managementul financiar riguros al contractului de finantare<\/li>\n<li>Asistenta in planificarea activit\u0103\u0163ilor proiectului pentru asigurarea indeplinirii obiectivelor si a indicatorilor din cererea de finantare<\/li>\n<li>Monitorizarea, evaluarea si raportarea tuturor activit\u0103\u0163ilor derulate \u00een cadrul proiectului, inclusiv pentru realizarea livrabilelor;<\/li>\n<li>Sprijin pentru derularea activit\u0103\u0163ilor de informare si promovare din cadrul proiectului;<\/li>\n<li>Asigurarea suportului in elaborarea documentatiilor de atribuire si pentru managementului contractelor;<\/li>\n<li>Asistenta in elaborarea si redactarea graficelor de rambursare, cererilor de rambursare, cererilor de plata, cererilor de lichidare \u015fi a rapoartelor de progres;<\/li>\n<li>Asistenta in elaborarea si redactarea propunerilor de modificari contractuale, pe durata implementarii proiectului, acte aditionale, notificari;<\/li>\n<li>Asistenta in realizarea raportarilor de progres obligatorii.<\/li>\n<\/ul>\n<p style=\"text-align: justify;\">&#8211; Aprobat de CE \u2013 25 februarie 2015<br \/>\n&#8211; Alocare financiar\u0103 UE = 4,326 miliarde euro<br \/>\n&#8211; 105,9 milioane euro din \u201dIni\u021biativa Locuri de Munc\u0103 pentru Tineret\u201d<br \/>\n&#8211; 4,220 miliarde euro din Fondul Social European<br \/>\n&#8211; POCU contribuie la urm\u0103toarele obiective tematice:<br \/>\n&#8211; OT 8 &#8211; Promovarea unor locuri de munc\u0103 durabile \u0219i de calitate \u0219i sprijinirea mobilit\u0103\u021bii lucr\u0103torilor<br \/>\n&#8211; OT 9 &#8211; Promovarea incluziunii sociale, combaterea s\u0103r\u0103ciei \u0219i a oric\u0103rei forme de discriminare<br \/>\n&#8211; OT 10 &#8211; Efectuarea de investi\u021bii \u00een domeniul educa\u021biei, al form\u0103rii \u0219i al form\u0103rii profesionale \u00een vederea dob\u00e2ndirii de competen\u021be \u0219i a \u00eenv\u0103\u021b\u0103rii pe tot parcursul vie\u021bii<\/p>\n<p style=\"text-align: justify;\">&#8211; 7 axe prioritare<\/p>\n<p style=\"text-align: justify;\">&#8211; 13 priorit\u0103\u0163i de investi\u0163ii (PI: 8i, 8ii, 8iii, 8v, 8vii, 9ii, 9iv, 9v, 9vi, 10i, 10ii, 10iii, 10iv) \u015fi<\/p>\n<p style=\"text-align: justify;\">&#8211; 55 obiective specifice.<\/p>\n<p style=\"text-align: justify;\">Programul Opera\u021bional Capital Uman (PO CU) stabile\u0219te priorit\u0103\u021bile de investi\u021bii, obiectivele specifice \u0219i ac\u021biunile asumate de c\u0103tre Rom\u00e2nia \u00een domeniul resurselor umane, continu\u00e2nd astfel investi\u021biile realizate prin Fondul Social European \u00een perioada 2007\u20102013 \u0219i contribuind, totodat\u0103, la atingerea obiectivului general al Acordului de Parteneriat (AP 2014\u20102020) \u2010 implicit al Fondurilor Europene Structurale \u0219i de Investi\u021bii din Rom\u00e2nia, \u015fi anume, de a reduce disparit\u0103\u0163ile de dezvoltare economic\u0103 \u015fi social\u0103 dintre Rom\u00e2nia \u015fi Statele Membre ale UE.<\/p>\n<p style=\"text-align: justify;\">Alocarea financiar\u0103 POCU<\/p>\n<p style=\"text-align: justify;\"><strong>Axa Prioritar\u0103 1 &#8211; Ini\u021biativa locuri de munc\u0103 pentru tineri<\/strong><\/p>\n<blockquote>\n<p style=\"text-align: justify;\">Suma alocat\u0103 total\u0103 &#8211; 230.693.510 Euro prin Ini\u021biativa \u201eLocuri de munc\u0103 pentru tineri\u201d<\/p>\n<p style=\"text-align: justify;\">Ac\u0163iunile planificate \u00een cadrul AP 1 urmeaz\u0103 s\u0103 fie implementate \u00een cele trei regiuni eligibile \u00een care rata \u015fomajului \u00een r\u00e2ndul tinerilor dep\u0103\u015fe\u015fte 25%, \u015fi anume: regiunea Centru (31,7%), regiunea Sud-Est (31,3%) \u015fi regiunea Sud Muntenia (30,2%), regiuni mai pu\u021bin dezvoltate\u00cen concordan\u021b\u0103 cu AP 2014-20202, Recomand\u0103rile Specifice de \u0162ar\u0103 privind combaterea \u015fomajului \u00een r\u00e2ndul tinerilor, Strategia Na\u021bional\u0103 pentru Ocuparea For\u021bei de Munc\u0103 2014-2020,<\/p>\n<p style=\"text-align: justify;\">Ini\u021biativa Locuri de Munc\u0103 pentru Tineri, Planul de Implementare a Garan\u021biei pentru Tineret 2014 &#8211; 2015, Strategia Na\u021bional\u0103 pentru \u00cenv\u0103\u021barea pe tot Parcursul Vie\u021bii, obiectivele specifice vizate \u00een cadrul acestei priorit\u0103\u0163i de investi\u0163ii sunt:<\/p>\n<p style=\"text-align: justify;\">cre\u0219terea ocup\u0103rii tinerilor NEETs \u015fomeri cu v\u00e2rsta \u00eentre 16 &#8211; 24 ani, \u00eenregistra\u021bi la Serviciul Public de Ocupare \u015fi cu reziden\u021ba \u00een regiunile eligibile (Centru, Sud-Est \u015fi Sud Muntenia)<br \/>\n\u00eembun\u0103t\u0103\u0163irea nivelului de competen\u0163e, inclusiv prin evaluarea \u0219i certificarea competen\u021belor dob\u00e2ndite \u00een sistem non-formal \u0219i informal al tinerilor NEETs \u0219omeri cu v\u00e2rsta \u00eentre 16-24 ani, cu reziden\u021ba \u00een regiunile eligibile (Centru, Sud-Est \u015fi Sud Muntenia)<br \/>\nPrin urmare, vor beneficia de m\u0103surile prev\u0103zute \u00een cadrul acestei axe prioritare doar tinerii NEETs \u0219omeri, \u00eenregistra\u021bi la SPO direct sau prin intermediul ac\u021biunilor de identificare a tinerilor NEETs descrise la obiectivul specific. din cadrul AP 2. Pentru a ob\u0163ine rezultatele anticipate, ac\u021biunile vor fi finan\u0163ate din resursele \u201eIni\u0163iativei Locuri de munc\u0103 pentru tineri\u201d (ILMT) \u0219i vor contribui la \u00eendeplinirea obiectivelor prev\u0103zute \u00een ILMT la nivelul UE.<\/p>\n<\/blockquote>\n<p style=\"text-align: justify;\"><strong>Axa Prioritar\u0103 2 &#8211; \u00cembun\u0103t\u0103\u021birea situa\u021biei tinerilor din categoria NEETs<\/strong><\/p>\n<blockquote>\n<p style=\"text-align: justify;\">Suma alocat\u0103 total\u0103:<\/p>\n<p style=\"text-align: justify;\">408.572.233 Euro pentru regiunile mai pu\u021bin dezvoltate din care 26.535.106 Euro rezerv\u0103 de performan\u021b\u0103<br \/>\n18.701.987 Euro pentru Regiunea Bucure\u0219ti-Ilfov din care 1.253.350 Euro rezerva de performan\u021b\u0103<br \/>\n\u00cen cadrul AP 2 sunt prev\u0103zute 3 obiective specifice: \u00een contextul primelor 2 obiective specifice vor fi vizate cele 5 regiuni care nu sunt eligibile \u00een cadrul Ini\u021biativei Locuri de Munc\u0103 pentru Tineri, respectiv regiunile Bucure\u0219tiIlfov, Nord-Est, Nord-Vest, Vest, Sud-Vest Oltenia, dat fiind faptul c\u0103 nevoia de sus\u0163inere a tinerilor pe pia\u0163a muncii a fost identificat\u0103 \u00een toate regiunile.<\/p>\n<p style=\"text-align: justify;\">Obiectivele specifice vizate \u00een cadrul acestei priorit\u0103\u0163i de investi\u0163ii vizeaz\u0103:<\/p>\n<p style=\"text-align: justify;\">cre\u0219terea ocup\u0103rii tinerilor NEETs \u0219omeri cu v\u00e2rsta \u00eentre 16 &#8211; 24 ani, \u00eenregistra\u021bi la Serviciul Public de Ocupare, cu reziden\u021ba \u00een regiunile eligibile (Bucure\u0219ti-Ilfov, Nord-Est, Nord-Vest, Vest, Sud-Vest Oltenia)<br \/>\n\u00eembun\u0103t\u0103\u0163irea nivelului de competen\u0163e, inclusiv prin evaluarea \u0219i certificarea competen\u021belor dob\u00e2ndite \u00een sistem non-formal \u0219i informal al tinerilor NEETs \u0219omeri cu v\u00e2rsta \u00eentre 16 &#8211; 24 ani, \u00eenregistra\u021bi la Serviciul Public de Ocupare, cu reziden\u021ba \u00een regiunile eligibile (Bucure\u0219ti-Ilfov, Nord-Est, Nord-Vest, Vest, Sud-Vest Oltenia)<br \/>\ncre\u0219terea num\u0103rului tinerilor NEETs inactivi \u00eenregistra\u021bi la Serviciul Public de Ocupare<br \/>\nInterven\u0163iile preconizate \u00een cadrul acestei axe prioritare vor fi finan\u0163ate din FSE, interven\u021biile fiind similare \u0219i complet\u00e2nd ac\u021biunile prev\u0103zute \u00een cadrul AP 1 \u0219i vizeaz\u0103 tinerii NEETs \u0219omeri din regiunile Bucure\u0219ti- Ilfov, Nord-Est, Nord-Vest, Vest, Sud-Vest Oltenia, care nu sunt eligibile pentru ILMT, dar care se confrunt\u0103 cu probleme similare.<\/p>\n<\/blockquote>\n<p style=\"text-align: justify;\"><strong>Axa Prioritar\u0103 3 &#8211; Locuri de munc\u0103 pentru to\u021bi<\/strong><\/p>\n<blockquote>\n<p style=\"text-align: justify;\">Suma alocat\u0103 total\u0103:<\/p>\n<p style=\"text-align: justify;\">1.270.959.911 Euro pentru regiunile mai pu\u021bin dezvoltate din care 81.309.527 Euro rezerv\u0103 de performan\u021b\u0103<br \/>\n24.853.622 Euro pentru Regiunea Bucure\u0219ti-Ilfov din care 1.688.063 Euro rezerva de performan\u021b\u0103<br \/>\nObiectivul specific vizat de prezenta prioritate de investi\u0163ii \u00eel reprezint\u0103 \u00eembun\u0103t\u0103\u021birea nivelului de cuno\u0219tin\u021be\/ competen\u021be\/ aptitudini aferente sectoarelor economice\/ domeniilor identificate conform SNC \u015fi SNCDI ale angaja\u021bilor. Pentru atingerea acestui obiectiv specific vor fi sus\u021binute din FSE urm\u0103toarele tipuri de ac\u0163iuni:<\/p>\n<p style=\"text-align: justify;\">Ac\u021biuni care vizeaz\u0103 angaja\u021bii:<\/p>\n<p style=\"text-align: justify;\">Participarea angaja\u021bilor la programe de formare profesional\u0103 (cursuri de calificare de nivel 2-4 conform Cadrului Na\u021bional al Calific\u0103rilor, cursuri de scurt\u0103 durat\u0103, de specializare \u0219i perfec\u021bionare etc.) \u00een concordan\u021b\u0103 cu cerin\u021bele locurilor de munc\u0103 din sectoarele economice cu poten\u021bial competitiv identificate conform SNC \u015fi din domeniile de specializare inteligent\u0103 conform SNCDI. O aten\u0163ie deosebit\u0103 va fi acordat\u0103 particip\u0103rii la programe de formare profesional\u0103 a angaja\u0163ilor v\u00e2rstnici<br \/>\nEvaluare\/ validare \u0219i certificare pentru recunoa\u015fterea competen\u021belor aferente cerin\u021belor locurilor de munc\u0103 din sectoarele economice cu poten\u021bial competitiv identificate conform SNC \u015fi din domeniile de specializare inteligent\u0103 conform SNCDI<br \/>\nAc\u021biuni care vizeaz\u0103 angajatorii:<\/p>\n<p style=\"text-align: justify;\">Stimularea angajatorilor pentru organizarea de programe de \u00eenv\u0103\u021bare la locul de munc\u0103<\/p>\n<\/blockquote>\n<p style=\"text-align: justify;\"><strong>Axa Prioritar\u0103 4 &#8211; Incluziunea social\u0103 \u0219i combaterea s\u0103r\u0103ciei<\/strong><\/p>\n<blockquote>\n<p style=\"text-align: justify;\">Suma alocat\u0103 total\u0103:<\/p>\n<p style=\"text-align: justify;\">1.047.023.965 Euro pentru regiunile mai pu\u021bin dezvoltate din care 65.852.595 Euro rezerv\u0103 de performan\u021b\u0103<br \/>\n63.168.893 Euro pentru Regiunea Bucure\u0219ti-Ilfov din care 4.118.209 Euro rezerva de performan\u021b\u0103<br \/>\nInterven\u021biile din cadrul acestei PI \u00ee\u015fi propun atingerea a patru obiective specifice:<\/p>\n<p style=\"text-align: justify;\">reducerea num\u0103rului de persoane aflate \u00een risc de s\u0103r\u0103cie \u0219i excluziune social\u0103 din comunit\u0103\u021bile marginalizate \u00een care exist\u0103 popula\u021bie apar\u021bin\u00e2nd minorit\u0103\u021bii roma, prin implementarea de m\u0103suri integrate<br \/>\nreducerea num\u0103rului de persoane aflate \u00een risc de s\u0103r\u0103cie \u0219i excluziune social\u0103 din comunit\u0103\u021bile marginalizate (non roma), prin implementarea de m\u0103suri integrate<br \/>\n\u00eembun\u0103t\u0103\u021birea alfabetiz\u0103rii digitale a popula\u021biei din comunit\u0103\u021bi dezavantajate prin sus\u021binerea procesului de formare \u00een cadrul re\u021belei PAPI (eincluziune)<br \/>\nreducerea num\u0103rului de persoane apar\u0163in\u00e2nd grupurilor vulnerabile care au dep\u0103\u015fit situa\u0163ia de vulnerabilitate prin furnizarea unor servicii sociale\/ medicale\/ socio-profesionale\/ formare profesional\u0103 etc. adecvate nevoilor specifice \u00een vederea integr\u0103rii socio-profesionale<\/p>\n<\/blockquote>\n<p style=\"text-align: justify;\"><strong>Axa Prioritar\u0103 5 &#8211; Dezvoltare local\u0103 plasat\u0103 sub responsabilitatea comunit\u0103\u021bii (DLRC)<\/strong><\/p>\n<blockquote>\n<p style=\"text-align: justify;\">Suma alocat\u0103 total\u0103:<\/p>\n<p style=\"text-align: justify;\">206.392.106 Euro pentru regiunile mai pu\u021bin dezvoltate din care 13.287.556 Euro rezerv\u0103 de performan\u021b\u0103<br \/>\n5.586.112 Euro pentru Regiunea Bucure\u0219ti-Ilfov din care 364.329 Euro rezerv\u0103 de performan\u021b\u0103<br \/>\nInterven\u021biile din cadrul acestei priorit\u0103\u0163i de investi\u0163ii sunt menite s\u0103 contribuie la:<\/p>\n<p style=\"text-align: justify;\">reducerea num\u0103rului de persoane aflate \u00een risc de s\u0103r\u0103cie \u0219i excluziune social\u0103 din comunit\u0103\u021bile marginalizate (roma \u0219i non-roma) din ora\u0219e cu peste 20.000 locuitori, cu accent pe cele cu popula\u021bie apar\u021bin\u00e2nd minorit\u0103\u021bii Roma, prin implementarea de m\u0103suri\/ opera\u021biuni integrate \u00een contextul mecanismului de DLRC.<br \/>\nreducerea num\u0103rului de persoane aflate \u00een risc de s\u0103r\u0103cie \u0219i excluziune social\u0103 din comunit\u0103\u021bile marginalizate din zona rural\u0103 \u0219i ora\u0219e cu o popula\u021bie de p\u00e2n\u0103 la 20.000 locuitori prin implementarea de m\u0103suri\/ opera\u021biuni integrate \u00een contextul mecanismului de DLRC<br \/>\nM\u0103surile planificate vor contribui, \u00een principal, la \u00eendeplinirea obiectivului-\u0163int\u0103 asumat \u00een cadrul PNR, acela de reducere cu 580.000 a num\u0103rului persoanelor expuse riscului de s\u0103r\u0103cie \u015fi excluziune social\u0103 p\u00e2n\u0103 \u00een 2020, precum \u0219i la obiectivele asumate \u00een domeniul ocup\u0103rii for\u021bei de munc\u0103, educa\u021biei \u0219i al s\u0103n\u0103t\u0103\u021bii.<\/p>\n<\/blockquote>\n<p style=\"text-align: justify;\"><strong>Axa Prioritar\u0103 6 &#8211; Educa\u021bie \u0219i competen\u021be<\/strong><\/p>\n<blockquote>\n<p style=\"text-align: justify;\">Suma alocat\u0103 total\u0103 :<\/p>\n<p style=\"text-align: justify;\">1.393.631.965 Euro pentru regiunile mai pu\u021bin dezvoltate din care 89.680.233 Euro rezerv\u0103 de performan\u021b\u0103<br \/>\n85.004.079 Euro pentru Regiunea Bucure\u0219ti-Ilfov din care 5.526.743 Euro rezerva de performan\u021b\u0103<br \/>\nAc\u021biunile aferente acestei Priorit\u0103\u021bi de Investi\u021bii vor viza OS 6.2-6.6.\u00cen vederea \u00eendeplinirii OS 6.2. vor fi finan\u021bate prin FSE urm\u0103toarele tipuri de ac\u0163iuni:<\/p>\n<p style=\"text-align: justify;\">Sprijinirea particip\u0103rii la \u00eenv\u0103\u0163\u0103m\u00e2ntul ante-pre\u0219colar \u0219i pre\u0219colar \u00een special a grupurilor cu risc de PTS, cu accent pe copiii apar\u021bin\u00e2nd minorit\u0103\u021bii roma \u0219i a celor din mediul rural<br \/>\n\u00cen vederea \u00eendeplinirii OS 6.3. vor fi finan\u0163ate prin FSE urm\u0103toarele tipuri de ac\u0163iuni:<\/p>\n<p style=\"text-align: justify;\">Activit\u0103\u021bi menite s\u0103 reduc\u0103 riscul de PTS pentru elevii apar\u021bin\u00e2nd grupurilor vulnerabile, cu accent pe elevii apar\u021bin\u00e2nd minorit\u0103\u021bii roma \u0219i elevi din mediul rural\/ comunit\u0103\u021bile dezavantajate socio-economic<br \/>\nActivit\u0103\u0163i suport menite s\u0103 conduc\u0103 la cre\u0219terea calit\u0103\u021bii educa\u0163iei obligatorii<\/p>\n<p style=\"text-align: justify;\">\u00cen vederea \u00eendeplinirii OS 6.4. vor fi finan\u0163ate prin FSE urm\u0103toarele tipuri de ac\u0163iuni:<\/p>\n<p style=\"text-align: justify;\">Activit\u0103\u021bi menite s\u0103 readuc\u0103 \u00een sistemul de educa\u021bie \u0219i formare tineri \u0219i adul\u021bi care nu \u0219i-au finalizat educa\u021bia obligatorie\u00cen vederea \u00eendeplinirii OS 6.5. vor fi finan\u0163ate prin FSE urm\u0103toarele tipuri de ac\u0163iuni:<br \/>\nReformarea\/validarea\/pilotarea curriculumului na\u0163ional \u015fcolar obligatoriu (inclusiv pentru \u00eenv\u0103\u021b\u0103m\u00e2ntul special \u0219i \u00eenv\u0103\u021b\u0103m\u00e2ntul de tip a doua \u0219ans\u0103) \u00een vederea orient\u0103rii pe formarea de competen\u021be cheie \u015fi pe nevoile de dezvoltare ale elevilor pentru \u00eenv\u0103\u0163\u0103m\u00e2ntul primar \u015fi secundar, inclusiv prin utilizarea de solu\u0163ii digitale\/de tip TIC;<br \/>\nDezvoltarea\/pilotarea ofertelor curriculare la decizia \u0219colii (CDS) care sprijin\u0103 achizi\u021bia competen\u021belor cheie ale elevilor din \u00eenv\u0103\u021b\u0103m\u00e2ntul obligatoriu<br \/>\nElaborarea de materiale didactice care sprijin\u0103 implementarea curriculumului revizuit (ghiduri, resurse educa\u021bionale pentru elevi \u0219i cadre didactice), \u00een special cele de tipul resurselor educa\u021bionale deschise.<br \/>\nRealizarea de studii tematice privind aplicarea curriculumului revizuit \u0219i achizi\u021biile competen\u021belor cheie cu focalizare pe copiii \u0219i tinerii din minoritatea roma, copii din medii dezavantajate socio-economic, din mediul rural \u0219i copii\/tineri cu dizabilit\u0103\u021bi.<br \/>\n\u00cen vederea \u00eendeplinirii OS 6.6. vor fi finan\u0163ate prin FSE urm\u0103toarele tipuri de ac\u0163iuni:<\/p>\n<p style=\"text-align: justify;\">Perfec\u021bionarea profesional\u0103 specializat\u0103 pentru personalul didactic din \u00eenv\u0103\u021b\u0103m\u00e2ntul preuniversitar \u00een vederea extinderii unor practici manageriale noi, a utiliz\u0103rii TIC \u00een procesul de predare, a promov\u0103rii unor servicii educa\u0163ionale de calitate orientate pe nevoile elevilor, a furniz\u0103rii unor programe de calitate pentru educa\u021bia timpurie, pentru prevenirea \u0219i reducerea timpurie a p\u0103r\u0103sirii \u0219colii, a utiliz\u0103rii metodelor activ-participative de educa\u0163ie bazate pe noul curriculum centrat pe competen\u0163e cheie \u015fi pe nevoile elevilor, \u00een special \u00een cazul personalului care lucreaz\u0103 cu copiii apar\u021bin\u00e2nd grupurilor vulnerabile, inclusiv copii apar\u021bin\u00e2nd minorit\u0103\u021bii roma, copii cu nevoi speciale, copii din comunit\u0103\u021bile dezavantajate socioeconomic<br \/>\nEvaluarea \u0219i validarea competen\u021belor ob\u021binute de cadrele didactice\/ personalul de sprijin prin rute alternative de formare<br \/>\nPromovarea unor m\u0103suri integrate de mobilitate pentru personalul didactic (de exemplu, cu programul Erasmus +). Sunt avute \u00een vedere interven\u021bii care valorific\u0103 rezultatele mobilit\u0103\u021bilor anterioare ale personalului didactic (sus\u021binute din ERASMUS+) \u00een vederea complet\u0103rii perfec\u021bion\u0103rii continue a acestuia \u00een rela\u021bie cu domeniile de formare stabilite \u00een cadrul AP6, \u00een cadrul PI<br \/>\nAlte m\u0103suri care vin \u00een sprijinul \u00eendeplinirii obiectivelor specifice stabilite \u00een cadrul acestei PI (ex activit\u0103\u021bi de formare care promoveaz\u0103 incluziunea, activit\u0103\u021bi de formare \u00een aria elabor\u0103rii de resurse educa\u021bionale deschise pentru facilitarea implement\u0103rii curriculumului revizuit, activit\u0103\u021bi de formare pentru echipele manageriale \u00een aria monitoriz\u0103rii impactului m\u0103surilor privind cre\u0219terea accesului la educa\u021bie etc)<\/p>\n<\/blockquote>\n<p style=\"text-align: justify;\"><strong>Axa Prioritar\u0103 7 &#8211; Asisten\u021b\u0103 Tehnic\u0103<\/strong><\/p>\n<blockquote>\n<p style=\"text-align: justify;\">Suma alocat\u0103 total\u0103:<\/p>\n<p style=\"text-align: justify;\">286.276.051 Euro pentru regiunile mai pu\u021bin dezvoltate<br \/>\n18.590.933 Euro pentru Regiunea Bucure\u0219ti-Ilfov<br \/>\n\u00cen vederea asigur\u0103rii unui cadru coerent \u0219i unitar de func\u021bionare a institu\u021biilor responsabile cu gestionarea Fondului Social European \u00een perioada 2014-2020, axa de asisten\u021b\u0103 tehnic\u0103 din cadrul POCU va acoperi nevoile de finan\u021bare pentru implementarea \u00een bune condi\u021bii a Programului Opera\u021bional Capital Uman, prin acoperirea cheltuielilor cu personalul.<\/p>\n<p style=\"text-align: justify;\">\u00cen acest sens, axa de Asisten\u021b\u0103 Tehnic\u0103 a POCU va ac\u021biona \u00een complementaritate cu Programul Opera\u021bional Capacitate Administrativ\u0103 \u0219i Programul Opera\u021bional Asisten\u021b\u0103 Tehnic\u0103 \u00een ceea ce prive\u0219te aranjamentele procedurale, respectiv existen\u021ba unei grile de salarizare unice pentru personalul implicat \u00een managementul \u0219i controlul FESI, existen\u021ba unor criterii comune de recrutare a personalului etc.<\/p>\n<\/blockquote>\n","protected":false},"excerpt":{"rendered":"<p>Programul Opera\u0163ional Capital Uman 2014-2020 (POCU)\u00a0are ca \u015fi principal instrument de finan\u0163are Fondul Social European (FSE). Obiectivele \u015fi priorit\u0103\u0163ile POCU 2014-2020: Promovarea unor locuri de munc\u0103 durabile \u0219i de calitate [&hellip;]<\/p>\n","protected":false},"author":1,"featured_media":0,"parent":0,"menu_order":0,"comment_status":"closed","ping_status":"closed","template":"","meta":[],"_links":{"self":[{"href":"https:\/\/globalcommercium.ro\/index.php?rest_route=\/wp\/v2\/pages\/168"}],"collection":[{"href":"https:\/\/globalcommercium.ro\/index.php?rest_route=\/wp\/v2\/pages"}],"about":[{"href":"https:\/\/globalcommercium.ro\/index.php?rest_route=\/wp\/v2\/types\/page"}],"author":[{"embeddable":true,"href":"https:\/\/globalcommercium.ro\/index.php?rest_route=\/wp\/v2\/users\/1"}],"replies":[{"embeddable":true,"href":"https:\/\/globalcommercium.ro\/index.php?rest_route=%2Fwp%2Fv2%2Fcomments&post=168"}],"version-history":[{"count":12,"href":"https:\/\/globalcommercium.ro\/index.php?rest_route=\/wp\/v2\/pages\/168\/revisions"}],"predecessor-version":[{"id":727,"href":"https:\/\/globalcommercium.ro\/index.php?rest_route=\/wp\/v2\/pages\/168\/revisions\/727"}],"wp:attachment":[{"href":"https:\/\/globalcommercium.ro\/index.php?rest_route=%2Fwp%2Fv2%2Fmedia&parent=168"}],"curies":[{"name":"wp","href":"https:\/\/api.w.org\/{rel}","templated":true}]}}