{"id":16,"date":"2016-01-07T10:46:11","date_gmt":"2016-01-07T10:46:11","guid":{"rendered":"http:\/\/globalcommercium.ro\/?page_id=16"},"modified":"2020-07-29T07:34:24","modified_gmt":"2020-07-29T07:34:24","slug":"cariere","status":"publish","type":"page","link":"https:\/\/globalcommercium.ro\/?page_id=16","title":{"rendered":"Cariere"},"content":{"rendered":"<p>Echipa Global Commercium este cea mai important\u0103 valoare a companiei \u015fi vrem s\u0103 o extindem cu noi colegi, capabili s\u0103 ne sus\u0163in\u0103 \u00een demersul nostru de a deveni printre cele mai mari companii de consultan\u0163\u0103 \u00een managementul proiectelor.<\/p>\n<p>Daca e\u015fti interesat s\u0103 faci parte din echipa noastr\u0103, aplic\u0103 pentru unul din posturile disponibile sau trimite un curriculum vitae la adresa\u00a0<a href=\"mailto:info@globalcommercium.com\">info@globalcommercium.ro<\/a><\/p>\n<p><strong>Joburi disponibile:<\/strong><\/p>\n<ul style=\"list-style-type: square;\">\n<li>Manager proiect<hr \/><\/li>\n<li>Experti formare antreprenoriala cu experienta mai mare de 5 ani<hr \/><\/li>\n<li>\n<div><b>Expert mediere piata muncii, jud Sibiu &#8211; 1 POST<br \/><\/b>\n<div>Atributii: Medierea si plasarea pe piata muncii a persoanelor din grupul tinta al proiectului in conformitate cu legislatia muncii in vederea asigurarii unui loc de munca, constand in:<\/div>\n<div>&#8211; Pregatirea metodologiei de mediere adaptata la nevoile proiectului<\/div>\n<div>&#8211; Identificarea angajatorilor si a locurilor de munca vacante in concordanta cu pregatirea si aptitudinile grupului tinta aflat in risc de saracie si marginalizare;<\/div>\n<div>&#8211; Preselectia persoanelor din grupul tinta in functie de cerintele locurilor de munca vacante si pregatirea acestora<\/div>\n<div>&#8211; Pregatirea persoanelor preselectate, in grup si individual pentru intalnirea cu potentialii angajatori<\/div>\n<div>&#8211; Organizarea intalnirilor intre potentialii angajatori si grupul tinta preselectat si asigurarea prezentei grupului tinta impreuna cu responsabilul grup tinta<\/div>\n<div>&#8211; Reluarea procesului pana la angajarea grupului tinta, pentru indeplinirea indicatorilor Gestionarea dosarelor individuale pentru fiecare persoana mediata pe toata durata aplicarii masurilor.<\/div>\n<div>Monitorizarea persoanelor angajate si stimularea acestora pentru a se implica activ in activitatea pe care o desfasoara.<\/div>\n<div>Realizarea de vizite in teren \/ la sediul companiilor pentru a monitoriza activitatea persoanelor<\/div>\n<div>angajate si \/ sau pentru a solutiona eventuale probleme ivite in implementare.<\/div>\n<div>Intocmirea centralizatoarelor lunare, trimestriale si finale cu participantii la masurile de ocupare aplicate.<\/div>\n<div>Educatie solicitata: Studii superioare finalizate\u00a0<\/div>\n<div>Experienta solicitata: Experienta dovedita in mediere si plasare pe piata muncii (conform cerintelor de acreditare ca furnizor de servicii de ocupare)\u00a0&#8211; 6 ani<\/div>\n<div>Experienta in proiecte finantate din fonduri publice reprezinta un avantaj.<\/div>\n<div>Competente solicitate: Competente de comunicare, negociere, vanzari, organizare, promovare, lucru cu grupuri\u00a0vulnerabile, lucru in echipa, autonomie si responsabilitate.<\/div>\n<\/div>\n<div><strong><strong>Termen de primire CV-uri\/ scrisori de intentie, 4 august 2020<\/strong><\/strong><hr \/><\/div>\n<\/li>\n<li>\n<div><b>Expert informare si consiliere profesionala, jud Sibiu &#8211; 1 POST<\/b><b><\/b><\/div>\n<div>\n<div>Atributii: Consilierea profesionala a persoanelor din grupul tinta al proiectului \u2013 400 de persoane aflate in risc de saracie si excluziune sociala in conformitate cu legislatia muncii prin consiliere de grup si individuala, constand in:<\/div>\n<div>&#8211; Pregatirea metodologiei de informare si consiliere vocationala adaptata la nevoile grupului tinta al proiectului;<\/div>\n<div>&#8211; Identificarea aptitudinilor antreprenoriale, intereselor, competen\u00feelor pt. persoanele din GT, evaluarea nivelului de dezvoltare vocational, prin proceduri metodologice specifice conform inventarelor aptitudinale, testelor si instrumentelor specifice;<\/div>\n<div>&#8211; Elaborarea profilului vocational in baza aptitudinilor, competentelor, intereselor, performantelor proprii, etc.<\/div>\n<div>&#8211; Orientarea profesionala catre antreprenoriat.<\/div>\n<div>Gestionarea dosarelor individuale pt. fiecare persoana consiliata pe toata durata aplicarii masurilor.<\/div>\n<div>Intocmirea centralizatoarelor lunare, trimestriale si finale.<\/div>\n<div>Raportarea activitatii catre superiorul direct \u2013 Coordonator 3<\/div>\n<div>Educatie solicitata: Studii superioare finalizate\u00a0<\/div>\n<div>Experienta dovedita in consiliere si orientare in cariera (conform cerintelor de acreditare ca furnizor de servicii de ocupare)\u00a0&#8211; 6 ani<\/div>\n<div>Experienta in proiecte finantate din fonduri publice reprezinta un avantaj.<\/div>\n<div>Competente solicitate: Competente de comunicare, negociere, organizare, leadership, lucru cu grupuri vulnerabile, lucru<\/div>\nin echipa, autonomie si responsabilitate<\/div>\n<strong>Termen de primire CV-uri\/ scrisori de intentie, 4 august 2020<\/strong><\/li>\n<\/ul>\n\n\n<p><\/p>\n","protected":false},"excerpt":{"rendered":"<p>Echipa Global Commercium este cea mai important\u0103 valoare a companiei \u015fi vrem s\u0103 o extindem cu noi colegi, capabili s\u0103 ne sus\u0163in\u0103 \u00een demersul nostru de a deveni printre cele [&hellip;]<\/p>\n","protected":false},"author":1,"featured_media":0,"parent":0,"menu_order":0,"comment_status":"closed","ping_status":"closed","template":"","meta":[],"_links":{"self":[{"href":"https:\/\/globalcommercium.ro\/index.php?rest_route=\/wp\/v2\/pages\/16"}],"collection":[{"href":"https:\/\/globalcommercium.ro\/index.php?rest_route=\/wp\/v2\/pages"}],"about":[{"href":"https:\/\/globalcommercium.ro\/index.php?rest_route=\/wp\/v2\/types\/page"}],"author":[{"embeddable":true,"href":"https:\/\/globalcommercium.ro\/index.php?rest_route=\/wp\/v2\/users\/1"}],"replies":[{"embeddable":true,"href":"https:\/\/globalcommercium.ro\/index.php?rest_route=%2Fwp%2Fv2%2Fcomments&post=16"}],"version-history":[{"count":7,"href":"https:\/\/globalcommercium.ro\/index.php?rest_route=\/wp\/v2\/pages\/16\/revisions"}],"predecessor-version":[{"id":1163,"href":"https:\/\/globalcommercium.ro\/index.php?rest_route=\/wp\/v2\/pages\/16\/revisions\/1163"}],"wp:attachment":[{"href":"https:\/\/globalcommercium.ro\/index.php?rest_route=%2Fwp%2Fv2%2Fmedia&parent=16"}],"curies":[{"name":"wp","href":"https:\/\/api.w.org\/{rel}","templated":true}]}}