{"id":531,"date":"2016-03-23T09:34:28","date_gmt":"2016-03-23T09:34:28","guid":{"rendered":"http:\/\/globalcommercium.ro\/?page_id=531"},"modified":"2016-03-25T08:14:38","modified_gmt":"2016-03-25T08:14:38","slug":"management-de-proiect","status":"publish","type":"page","link":"http:\/\/globalcommercium.ro\/?page_id=531","title":{"rendered":"Management de proiect"},"content":{"rendered":"<p style=\"text-align: justify;\"><img loading=\"lazy\" class=\"alignleft size-full wp-image-674\" src=\"http:\/\/globalcommercium.ro\/wp-content\/uploads\/2016\/03\/management-de-proiect.jpg\" alt=\"management de proiect\" width=\"1735\" height=\"375\" srcset=\"http:\/\/globalcommercium.ro\/wp-content\/uploads\/2016\/03\/management-de-proiect.jpg 1735w, http:\/\/globalcommercium.ro\/wp-content\/uploads\/2016\/03\/management-de-proiect-300x65.jpg 300w, http:\/\/globalcommercium.ro\/wp-content\/uploads\/2016\/03\/management-de-proiect-500x108.jpg 500w\" sizes=\"(max-width: 1735px) 100vw, 1735px\" \/><\/p>\n<p style=\"text-align: justify;\"><strong>Global Commercium Development<\/strong> acord\u0103 consultan\u0163\u0103 \u015fi asisten\u0163\u0103 tehnic\u0103 beneficiarilor de finan\u0163\u0103ri nerambursabile pentru \u00eendeplinirea responsabilit\u0103\u0163ilor acestora privind managementul de proiect, raportarea activit\u0103\u0163ilor \u015fi a tuturor informa\u0163iilor relevante c\u0103tre Autoritatea de Management \/ Organismele de implementare.<\/p>\n<p style=\"text-align: justify;\">Global Commercium Development asigura servicii de management de proiect care pot consta, dupa caz, in:<\/p>\n<ul style=\"text-align: justify;\">\n<li>Realizarea managementului integrator al proiectului;<\/li>\n<li>Elaborarea procedurilor de management de proiect, dintre care mentionam: procedura pentru organizarea si functionarea echipei, procedura de comunicare, procedura de planificare a activitatilor, procedura de monitorizare, procedura de evaluare, procedura de raportare, procedura pentru asigurarea fluxului financiar, procedura pentru realizarea achizitiilor, procedura de evaluare a riscurilor, procedura de control, procedura de arhivare fizica si electronica, procedura de selectie si altele, dupa caz;<\/li>\n<li>Asigurarea managementului Contractului de Finantare;<\/li>\n<li>Planificarea activit\u0103\u0163ilor proiectului pentru implementarea Contractului de Finan\u0163are;<\/li>\n<li>Asigurarea activit\u0103\u0163ilor de management financiar pentru \u00eendeplinirea de c\u0103tre Beneficiar a tuturor obliga\u0163iilor si condi\u0163iilor prev\u0103zute \u00een Contractul de finan\u0163are;<\/li>\n<li>Monitorizarea, evaluarea si raportarea tuturor activit\u0103\u0163ilor derulate \u00een cadrul proiectului, inclusiv accentul pe realizarea livrabilelor;<\/li>\n<li>Monitorizarea respect\u0103rii activit\u0103\u0163ilor din graficul de implementare in conformitate cu acesta;<\/li>\n<li>Evaluarea proiectului in etape si propunerea de recomandari pentru a asigura indeplinirea obiectivelor si a indicatorilor propusi;<\/li>\n<li>Asigurarea de sprijin pentru derularea activit\u0103\u0163ilor de informare si promovare din cadrul proiectului;<\/li>\n<li>Coordonarea comunic\u0103rii intre to\u0163i partenerii proiectului;<\/li>\n<li>Asigurarea suportului in elaborarea documentatiilor de atribuire pentru toate contractele din proiect (contracte servicii\/ furnizare de produse, indispensabile bunei implementari a proiectului), conform legislatiei in vigoare si a instructiunilor din Contractul de Finantare;<\/li>\n<li>Asigurarea managementului contractelor;<\/li>\n<li>Acordarea de asisten\u0163\u0103 pentru furnizarea r\u0103spunsurilor de clarificare pe durata derul\u0103rii procedurilor de achizi\u0163ie public\u0103<\/li>\n<li>Men\u0163inerea contactului permanent cu Organismul finantator;<\/li>\n<li>Asistarea echipei de proiect desemnate de solicitant\/partener prin participarea cu exper\u0163ii solicita\u0163i conform cerin\u0163elor, la implementarea tuturor activit\u0103\u0163ilor din proiect;<\/li>\n<li>Elaborarea si redactarea graficelor de rambursare, cererilor de rambursare, cererilor de plata, cererilor de lichidare \u015fi a rapoartelor de progres;<\/li>\n<li>Elaborarea si redactarea propunerilor de modificari contractuale, pe durata implementarii proiectului, acte aditionale, notificari;<\/li>\n<li>Elaborarea si redactarea raspunsurilor la solicitarile de clarificari primite de la Organismul finantator cu privire la aspecte tehnice sau financiare aferente proiectului;<\/li>\n<li>Urm\u0103rirea progresului conform planului de proiect \u015fi raportarea referitoare la progresul proiectului conform planific\u0103rii acestuia;<\/li>\n<li>Verificarea rezultatelor conform procedurii de asigurare a calit\u0103\u0163ii;<\/li>\n<li>Asigurarea de suport\u00a0 beneficiarului \u00een toate aspectele tehnice, financiare si administrative ale proiectului;<\/li>\n<li>Asigurarea expertilor solicitati la sediul beneficiarului, conform cerin\u0163elor.<\/li>\n<\/ul>\n<p style=\"text-align: justify;\">Lista activit\u0103\u0163ilor nu este limitativ\u0103, <strong>Global Commercium Development<\/strong> urm\u00e2nd s\u0103 acorde tot sprijinul posibil pentru \u00eendeplinirea rezultatelor a\u015fteptate.<\/p>\n","protected":false},"excerpt":{"rendered":"<p>Global Commercium Development acord\u0103 consultan\u0163\u0103 \u015fi asisten\u0163\u0103 tehnic\u0103 beneficiarilor de finan\u0163\u0103ri nerambursabile pentru \u00eendeplinirea responsabilit\u0103\u0163ilor acestora privind managementul de proiect, raportarea activit\u0103\u0163ilor \u015fi a tuturor informa\u0163iilor relevante c\u0103tre Autoritatea de [&hellip;]<\/p>\n","protected":false},"author":1,"featured_media":0,"parent":0,"menu_order":0,"comment_status":"closed","ping_status":"closed","template":"","meta":[],"_links":{"self":[{"href":"http:\/\/globalcommercium.ro\/index.php?rest_route=\/wp\/v2\/pages\/531"}],"collection":[{"href":"http:\/\/globalcommercium.ro\/index.php?rest_route=\/wp\/v2\/pages"}],"about":[{"href":"http:\/\/globalcommercium.ro\/index.php?rest_route=\/wp\/v2\/types\/page"}],"author":[{"embeddable":true,"href":"http:\/\/globalcommercium.ro\/index.php?rest_route=\/wp\/v2\/users\/1"}],"replies":[{"embeddable":true,"href":"http:\/\/globalcommercium.ro\/index.php?rest_route=%2Fwp%2Fv2%2Fcomments&post=531"}],"version-history":[{"count":6,"href":"http:\/\/globalcommercium.ro\/index.php?rest_route=\/wp\/v2\/pages\/531\/revisions"}],"predecessor-version":[{"id":676,"href":"http:\/\/globalcommercium.ro\/index.php?rest_route=\/wp\/v2\/pages\/531\/revisions\/676"}],"wp:attachment":[{"href":"http:\/\/globalcommercium.ro\/index.php?rest_route=%2Fwp%2Fv2%2Fmedia&parent=531"}],"curies":[{"name":"wp","href":"https:\/\/api.w.org\/{rel}","templated":true}]}}