{"id":174,"date":"2016-02-25T07:00:15","date_gmt":"2016-02-25T07:00:15","guid":{"rendered":"http:\/\/globalcommercium.ro\/?page_id=174"},"modified":"2016-04-05T06:43:59","modified_gmt":"2016-04-05T06:43:59","slug":"servicii-sociale","status":"publish","type":"page","link":"http:\/\/globalcommercium.ro\/?page_id=174","title":{"rendered":"Servicii sociale"},"content":{"rendered":"<p style=\"text-align: justify;\"><img loading=\"lazy\" class=\"wp-image-304 alignright\" src=\"http:\/\/globalcommercium.ro\/wp-content\/uploads\/2016\/02\/hands.jpg\" alt=\"Helping Hands against blue sky\" width=\"425\" height=\"282\" srcset=\"http:\/\/globalcommercium.ro\/wp-content\/uploads\/2016\/02\/hands.jpg 600w, http:\/\/globalcommercium.ro\/wp-content\/uploads\/2016\/02\/hands-300x199.jpg 300w, http:\/\/globalcommercium.ro\/wp-content\/uploads\/2016\/02\/hands-500x332.jpg 500w\" sizes=\"(max-width: 425px) 100vw, 425px\" \/><strong>Global Commercium<\/strong>\u00a0acord\u0103 servicii sociale \u00een sistem integrat cu alte servicii de interes general destinate persoanelor adulte precum \u0219i servicii pentru dezvoltarea deprinderilor de via\u021b\u0103 independent\u0103, servicii de tip comunitar.<\/p>\n<p style=\"text-align: justify;\">In acest scop compania dispune de resursele umane necesare respectiv de o structur\u0103 de personal pluridisciplinar\u0103 format\u0103 din asisten\u021bi sociali, psihologi, medici, consilieri voca\u021bionali.<br \/>\nAcordarea serviciilor sociale se efectueaz\u0103 \u00een temeiul acredit\u0103rii conferite de Ministerul Muncii, Familiei, Protec\u021biei Sociale \u0219i Persoanelor V\u00e2rstnice.<\/p>\n<p style=\"text-align: justify;\">Conform Dic\u021bionarului de sociologie serviciile sociale reprezint\u0103 \u201etotalitatea serviciilor oferite de c\u0103tre stat popula\u021biei \u00een mod gratuit sau la un tarif redus.\u201d \u00cen sens larg, serviciile sociale desemneaz\u0103 totalitatea serviciilor pe care o comunitate (localitate, asocia\u021bie etc.) le asigur\u0103 total sau par\u021bial, pentru to\u021bi membrii ei sau pentru segmente particulare care manifest\u0103 o nevoie sporit\u0103 de astfel de servicii.<\/p>\n<p style=\"text-align: justify;\">Principalele domenii \u00een care se dezvolt\u0103 serviciile sociale sunt: ocrotirea s\u0103n\u0103t\u0103\u021bii, \u00eenv\u0103\u021b\u0103m\u00e2ntul, activit\u0103\u021bile cultural-artistice, educa\u021bia fizic\u0103 \u015fi sportul, transportul \u00een comun etc. Gradul de dezvoltare a serviciilor sociale este direct propor\u021bional cu nivelul economic de dezvoltare al societ\u0103\u021bii \u015fi cu importan\u021ba acordat\u0103 \u00een politica de stat problemelor de asigurare a condi\u021biilor de via\u021b\u0103 a popula\u021biei \u015fi reducerii inegalit\u0103\u021bilor sociale.<br \/>\nDic\u021bionarul de politici sociale define\u0219te serviciile sociale ca fiind \u201e instrumente de realizare a unor obiective sociale, de natur\u0103 redistributiv\u0103, reprezent\u00e2nd acele servicii publice care au drept scop cre\u0219terea bun\u0103st\u0103rii sociale.\u201d<\/p>\n<p style=\"text-align: justify;\">Serviciile sociale, conform prevederilor Legii nr.292\/2011privind asisten\u021ba social\u0103, reprezint\u0103 \u201eactivitatea sau ansamblul de activit\u0103\u0163i realizate pentru a r\u0103spunde nevoilor sociale, precum \u015fi celor speciale, individuale, familiale sau de grup, \u00een vederea dep\u0103\u015firii situa\u0163iilor de dificultate, prevenirii \u015fi combaterii riscului de excluziune social\u0103, promov\u0103rii incluziunii sociale \u015fi cre\u015fterii calit\u0103\u0163ii vie\u0163ii\u201d.<br \/>\nTot \u00een categoria serviciilor sociale specializate intr\u0103 \u015fi serviciile socio-medicale care sunt definite ca fiind un complex de activit\u0103\u0163i care se acord\u0103 \u00een cadrul unui sistem social \u015fi medical integrat \u015fi au drept scop principal men\u0163inerea autonomiei persoanei, precum \u015fi prevenirea agrav\u0103rii situa\u0163iei de dependen\u0163\u0103.<\/p>\n","protected":false},"excerpt":{"rendered":"<p>Global Commercium\u00a0acord\u0103 servicii sociale \u00een sistem integrat cu alte servicii de interes general destinate persoanelor adulte precum \u0219i servicii pentru dezvoltarea deprinderilor de via\u021b\u0103 independent\u0103, servicii de tip comunitar. In [&hellip;]<\/p>\n","protected":false},"author":1,"featured_media":0,"parent":0,"menu_order":0,"comment_status":"closed","ping_status":"closed","template":"","meta":[],"_links":{"self":[{"href":"http:\/\/globalcommercium.ro\/index.php?rest_route=\/wp\/v2\/pages\/174"}],"collection":[{"href":"http:\/\/globalcommercium.ro\/index.php?rest_route=\/wp\/v2\/pages"}],"about":[{"href":"http:\/\/globalcommercium.ro\/index.php?rest_route=\/wp\/v2\/types\/page"}],"author":[{"embeddable":true,"href":"http:\/\/globalcommercium.ro\/index.php?rest_route=\/wp\/v2\/users\/1"}],"replies":[{"embeddable":true,"href":"http:\/\/globalcommercium.ro\/index.php?rest_route=%2Fwp%2Fv2%2Fcomments&post=174"}],"version-history":[{"count":9,"href":"http:\/\/globalcommercium.ro\/index.php?rest_route=\/wp\/v2\/pages\/174\/revisions"}],"predecessor-version":[{"id":778,"href":"http:\/\/globalcommercium.ro\/index.php?rest_route=\/wp\/v2\/pages\/174\/revisions\/778"}],"wp:attachment":[{"href":"http:\/\/globalcommercium.ro\/index.php?rest_route=%2Fwp%2Fv2%2Fmedia&parent=174"}],"curies":[{"name":"wp","href":"https:\/\/api.w.org\/{rel}","templated":true}]}}